{"id":400,"date":"2017-01-19T15:59:56","date_gmt":"2017-01-19T14:59:56","guid":{"rendered":"http:\/\/radadoktorantow.pwr.edu.pl\/?page_id=400"},"modified":"2026-03-06T15:04:51","modified_gmt":"2026-03-06T14:04:51","slug":"przedstawiciele-w-radach-wydzialow","status":"publish","type":"page","link":"https:\/\/radadoktorantow.pwr.edu.pl\/index.php\/przedstawiciele-w-radach-wydzialow\/","title":{"rendered":"Przedstawiciele w Radach Wydzia\u0142\u00f3w"},"content":{"rendered":"\n<p><\/p>\n\n\n<p><span style=\"color: #000000;\">Poni\u017csza lista zawiera imiona i nazwiska aktualnych Przedstawicieli Doktorant\u00f3w w Radach swoich Wydzia\u0142\u00f3w. Ka\u017cda w <strong>pierwszej kolejno\u015bci<\/strong> wymieniona osoba jest jednocze\u015bnie cz\u0142onkiem Kolegium Doktoranckiego na danym Wydziale.<\/span><\/p>\n<ul>\n<li><span style=\"color: #000000;\"><strong>W1<\/strong> &#8211; <strong>Magdalena Reszka<\/strong>, Robert Czajka<br \/><\/span><\/li>\n<li><span style=\"color: #000000;\"><strong>W2<\/strong> &#8211; <strong>Mateusz Moj<\/strong>, Magdalena Skiba<br \/><\/span><\/li>\n<li><span style=\"color: #000000;\"><strong>W3<\/strong> &#8211; <b>Pawe\u0142 Noce\u0144<\/b>, Natalia Niedzba\u0142a, Izabela Walendzik, Patryk Kuropka, Aleksandra Modzelewska, Kinga Baberowska<br \/><\/span><\/li>\n<li><span style=\"color: #000000;\"><strong>W4n<\/strong> &#8211;<strong>Maciej M\u0105czy\u0144ski<\/strong>, <em><span style=\"text-decoration: underline;\">4 wakaty<\/span><\/em>\u00a0<br \/><\/span><\/li>\n<li><span style=\"color: #000000;\"><strong>W5<\/strong> &#8211; <strong>Grzegorz Kaczmarczyk<\/strong><strong>,<\/strong>\u00a0<em><span style=\"text-decoration: underline;\">1 wakat<\/span><\/em><br \/><\/span><\/li>\n<li><span style=\"color: #000000;\"><strong>W6<\/strong> &#8211; <b>Paulina Kujawa<\/b>, Marek Sompolski<br \/><\/span><\/li>\n<li><span style=\"color: #000000;\"><strong>W7<\/strong> &#8211;\u00a0<strong>Kornelia Przestrzelska<\/strong>,\u00a0<span style=\"text-decoration: underline;\"><em>1 wakat<\/em><\/span><br \/><\/span><\/li>\n<li><span style=\"color: #000000;\"><strong>W8n<\/strong> &#8211; <b>Arkadiusz Lipiecki,\u00a0<\/b>Bartosz Stec<br \/><\/span><\/li>\n<li><span style=\"color: #000000;\"><strong>W9<\/strong> &#8211; <b>Marta Stempniak, <\/b>Tomasz Durazi\u0144ski<br \/><\/span><\/li>\n<li><span style=\"color: #000000;\"><strong>W10<\/strong> &#8211; <b>Piotr Maku\u0142a<\/b>, Arkadiusz Macek, Adam Kami\u0144ski,\u00a0<span style=\"text-decoration: underline;\"><em>1 wakat<\/em><\/span><br \/><\/span><\/li>\n<li><span style=\"color: #000000;\"><strong>W11\u00a0<\/strong>&#8211;\u00a0<strong>Damian Paw\u0142owski<\/strong>, Adrian Kaim, Rados\u0142aw Szymon, Monika Salamaga<br \/><\/span><\/li>\n<li><span style=\"color: #000000;\"><strong>W12n<\/strong> &#8211; <b>Wiktoria Ko\u0142odzi\u0144ska<\/b>, Alicja Kwa\u015bny, Karolina Suliga<br \/><\/span><\/li>\n<li><span style=\"color: #000000;\"><strong>W13<\/strong> &#8211;\u00a0<strong>Sylwester Pi\u0105tek,<\/strong>\u00a0<em><span style=\"text-decoration: underline;\">1 wakat<\/span><\/em><\/span><\/li>\n<\/ul>\n<p><span style=\"color: #000000;\">Bie\u017c\u0105ca kadencja trwa do <span style=\"text-decoration: underline;\">31 sierpnia 2026 r.<\/span><\/span><\/p>","protected":false},"excerpt":{"rendered":"<p>Poni\u017csza lista zawiera imiona i nazwiska aktualnych Przedstawicieli Doktorant\u00f3w w Radach swoich Wydzia\u0142\u00f3w. Ka\u017cda w pierwszej kolejno\u015bci wymieniona osoba jest jednocze\u015bnie cz\u0142onkiem Kolegium Doktoranckiego na danym Wydziale. W1 &#8211; Magdalena Reszka, Robert Czajka W2 &#8211; Mateusz Moj, Magdalena Skiba W3 &#8211; Pawe\u0142 Noce\u0144, Natalia Niedzba\u0142a, Izabela Walendzik, Patryk Kuropka, Aleksandra Modzelewska, Kinga Baberowska W4n &#8211;Maciej&hellip; <br \/> <a class=\"button small blue\" href=\"https:\/\/radadoktorantow.pwr.edu.pl\/index.php\/przedstawiciele-w-radach-wydzialow\/\">Dowiedz si\u0119 wi\u0119cej<\/a><\/p>\n","protected":false},"author":10,"featured_media":0,"parent":0,"menu_order":0,"comment_status":"closed","ping_status":"closed","template":"","meta":{"footnotes":""},"_links":{"self":[{"href":"https:\/\/radadoktorantow.pwr.edu.pl\/index.php\/wp-json\/wp\/v2\/pages\/400"}],"collection":[{"href":"https:\/\/radadoktorantow.pwr.edu.pl\/index.php\/wp-json\/wp\/v2\/pages"}],"about":[{"href":"https:\/\/radadoktorantow.pwr.edu.pl\/index.php\/wp-json\/wp\/v2\/types\/page"}],"author":[{"embeddable":true,"href":"https:\/\/radadoktorantow.pwr.edu.pl\/index.php\/wp-json\/wp\/v2\/users\/10"}],"replies":[{"embeddable":true,"href":"https:\/\/radadoktorantow.pwr.edu.pl\/index.php\/wp-json\/wp\/v2\/comments?post=400"}],"version-history":[{"count":29,"href":"https:\/\/radadoktorantow.pwr.edu.pl\/index.php\/wp-json\/wp\/v2\/pages\/400\/revisions"}],"predecessor-version":[{"id":2613,"href":"https:\/\/radadoktorantow.pwr.edu.pl\/index.php\/wp-json\/wp\/v2\/pages\/400\/revisions\/2613"}],"wp:attachment":[{"href":"https:\/\/radadoktorantow.pwr.edu.pl\/index.php\/wp-json\/wp\/v2\/media?parent=400"}],"curies":[{"name":"wp","href":"https:\/\/api.w.org\/{rel}","templated":true}]}}