{"id":395,"date":"2017-01-19T15:50:46","date_gmt":"2017-01-19T14:50:46","guid":{"rendered":"http:\/\/radadoktorantow.pwr.edu.pl\/?page_id=395"},"modified":"2021-09-21T15:53:57","modified_gmt":"2021-09-21T13:53:57","slug":"reprezentacja","status":"publish","type":"page","link":"https:\/\/radadoktorantow.pwr.edu.pl\/index.php\/reprezentacja\/","title":{"rendered":"O nas"},"content":{"rendered":"<p>Samorz\u0105d Doktorant\u00f3w Politechniki Wroc\u0142awskiej tworz\u0105 doktoranci (doktorantki i doktoranci) Studi\u00f3w doktoranckich oraz Szko\u0142y Doktorskiej PWr. Samorz\u0105d dzia\u0142a poprzez swoje organy, kt\u00f3re zosta\u0142y poni\u017cej kr\u00f3tko opisane. Dzia\u0142alno\u015b\u0107 Samorz\u0105du okre\u015bla Regulaminu Samorz\u0105du Doktorant\u00f3w.<\/p>\n<p>&nbsp;<\/p>\n<p><strong><u>OG\u00d3LNOUCZELNIANE ZEBRANIE DOKTORANT\u00d3W<\/u><\/strong><\/p>\n<p>Og\u00f3lnouczelniane Zebranie Doktorant\u00f3w (OZD) jest najwy\u017cszym organem uchwa\u0142odawczym Samorz\u0105du i tworz\u0105 go wszyscy doktoranci, aczkolwiek jest ono wa\u017cne niezale\u017cnie od liczby doktorant\u00f3w na nie przyby\u0142ych. Do kompetencji OZD nale\u017c\u0105: uchwalanie Regulaminu Samorz\u0105du Doktorant\u00f3w oraz wyb\u00f3r i odwo\u0142ywanie cz\u0142onk\u00f3w Rady Doktorant\u00f3w. OZD obraduje co najmniej raz w roku, w szczeg\u00f3lno\u015bci w pa\u017adzierniku podczas wybor\u00f3w do Rady Doktorant\u00f3w.<\/p>\n<p><strong><u>RADA DOKTORANT\u00d3W<\/u><\/strong><\/p>\n<p>Rada Doktorant\u00f3w jest organem Samorz\u0105du, do kt\u00f3rego nale\u017cy reprezentowanie og\u00f3\u0142u doktorant\u00f3w Uczelni oraz ich interes\u00f3w. W kompetencjach Rady znajduje si\u0119 m.in.: wyra\u017canie opinii w sprawach dotycz\u0105cych doktorant\u00f3w, okre\u015blanie kierunk\u00f3w dzia\u0142alno\u015bci Samorz\u0105du, wsp\u00f3\u0142praca i decydowanie o rozdziale \u015brodk\u00f3w przeznaczonych na sprawy doktorancie z innymi organami i Kierownictwem Uczelni, \u00a0oraz podejmowanie szeroko rozumianych dzia\u0142a\u0144 dot. doktorant\u00f3w w zakresie: kulturalno-spo\u0142ecznym, naukowo-dydaktycznym, socjalno-finansowym oraz regulaminowym. W sk\u0142ad Rady wchodzi siedmioro cz\u0142onk\u00f3w Samorz\u0105du, wybieranych na roczn\u0105 kadencj\u0119.<\/p>\n<p><strong><u>PRZEWODNICZ\u0104CY SAMORZ\u0104DU DOKTORANT\u00d3W<\/u><\/strong><\/p>\n<p>Przewodnicz\u0105cym Samorz\u0105du (jednoosobowy organ) jest Przewodnicz\u0105cy Rady, kt\u00f3ry jest wybieranych przez jej cz\u0142onk\u00f3w, tak\u017ce na roczn\u0105 kadencj\u0119. W kompetencjach Przewodnicz\u0105cego znajduje si\u0119 m.in.: reprezentowanie Samorz\u0105du i Rady wobec Kierownictwa Uczelni oraz ca\u0142ej jej spo\u0142eczno\u015bci, kierowanie pracami Rady oraz wsp\u00f3\u0142praca z organami Uczelni i jej Kierownictwem.<\/p>\n<p><strong><u>WYDZIA\u0141OWE ZEBRANIE DOKTORANT\u00d3W<\/u><\/strong><\/p>\n<p>Wydzia\u0142owe Zebranie Doktorant\u00f3w (WZD) jest zebraniem wszystkich cz\u0142onk\u00f3w Samorz\u0105du danego wydzia\u0142u. W kompetencjach WZD znajduje si\u0119: wyb\u00f3r przedstawicieli doktorant\u00f3w do Rady Wydzia\u0142u, Kolegium Doktoranckiego oraz Komisji Dyscyplinarnych ds. Doktorant\u00f3w. Dodatkowo, w kompetencjach przedstawicieli doktorant\u00f3w do Kolegium Doktoranckiego znajduje si\u0119 m.in.: uczestniczenie w pracach komisji rekrutacyjnych, opiniowanie dokument\u00f3w dot. doktorant\u00f3w danego wydzia\u0142u\/dyscypliny oraz wskazywanie przedstawicieli doktorant\u00f3w do innych komisji i gremi\u00f3w na wydziale.<\/p>\n<p><strong><u>KOLEGIUM DOKTORANCKIE<\/u><\/strong><\/p>\n<p>Kolegium Doktoranckie jest zebraniem reprezentant\u00f3w doktorant\u00f3w w Radach Wydzia\u0142\u00f3w (po 1 przedstawicielu z ka\u017cdego Wydzia\u0142u) oraz cz\u0142onk\u00f3w Rady (siedmiu przedstawicieli). W kompetencjach Kolegium znajduje si\u0119 g\u0142\u00f3wnie wybieranie przedstawicieli doktorant\u00f3w do Senatu Uczelni oraz Kolegium Elektor\u00f3w.<\/p>\n","protected":false},"excerpt":{"rendered":"<p>Samorz\u0105d Doktorant\u00f3w Politechniki Wroc\u0142awskiej tworz\u0105 doktoranci (doktorantki i doktoranci) Studi\u00f3w doktoranckich oraz Szko\u0142y Doktorskiej PWr. Samorz\u0105d dzia\u0142a poprzez swoje organy, kt\u00f3re zosta\u0142y poni\u017cej kr\u00f3tko opisane. Dzia\u0142alno\u015b\u0107 Samorz\u0105du okre\u015bla Regulaminu Samorz\u0105du Doktorant\u00f3w. &nbsp; OG\u00d3LNOUCZELNIANE ZEBRANIE DOKTORANT\u00d3W Og\u00f3lnouczelniane Zebranie Doktorant\u00f3w (OZD) jest najwy\u017cszym organem uchwa\u0142odawczym Samorz\u0105du i tworz\u0105 go wszyscy doktoranci, aczkolwiek jest ono wa\u017cne niezale\u017cnie od&hellip; <br \/> <a class=\"button small blue\" href=\"https:\/\/radadoktorantow.pwr.edu.pl\/index.php\/reprezentacja\/\">Dowiedz si\u0119 wi\u0119cej<\/a><\/p>\n","protected":false},"author":10,"featured_media":0,"parent":0,"menu_order":0,"comment_status":"closed","ping_status":"closed","template":"","meta":{"footnotes":""},"_links":{"self":[{"href":"https:\/\/radadoktorantow.pwr.edu.pl\/index.php\/wp-json\/wp\/v2\/pages\/395"}],"collection":[{"href":"https:\/\/radadoktorantow.pwr.edu.pl\/index.php\/wp-json\/wp\/v2\/pages"}],"about":[{"href":"https:\/\/radadoktorantow.pwr.edu.pl\/index.php\/wp-json\/wp\/v2\/types\/page"}],"author":[{"embeddable":true,"href":"https:\/\/radadoktorantow.pwr.edu.pl\/index.php\/wp-json\/wp\/v2\/users\/10"}],"replies":[{"embeddable":true,"href":"https:\/\/radadoktorantow.pwr.edu.pl\/index.php\/wp-json\/wp\/v2\/comments?post=395"}],"version-history":[{"count":6,"href":"https:\/\/radadoktorantow.pwr.edu.pl\/index.php\/wp-json\/wp\/v2\/pages\/395\/revisions"}],"predecessor-version":[{"id":1456,"href":"https:\/\/radadoktorantow.pwr.edu.pl\/index.php\/wp-json\/wp\/v2\/pages\/395\/revisions\/1456"}],"wp:attachment":[{"href":"https:\/\/radadoktorantow.pwr.edu.pl\/index.php\/wp-json\/wp\/v2\/media?parent=395"}],"curies":[{"name":"wp","href":"https:\/\/api.w.org\/{rel}","templated":true}]}}