{"id":2489,"date":"2025-07-14T17:30:08","date_gmt":"2025-07-14T15:30:08","guid":{"rendered":"https:\/\/radadoktorantow.pwr.edu.pl\/?page_id=2489"},"modified":"2025-09-11T15:58:44","modified_gmt":"2025-09-11T13:58:44","slug":"uchwaly-i-opinie","status":"publish","type":"page","link":"https:\/\/radadoktorantow.pwr.edu.pl\/index.php\/uchwaly-i-opinie\/","title":{"rendered":"Uchwa\u0142y i opinie"},"content":{"rendered":"\n<p class=\"has-large-font-size\"><strong><span style=\"text-decoration: underline;\">Uchwa\u0142y i opinie Rady Doktorant\u00f3w XX kadencji (2024\/2025):<\/span><\/strong><\/p>\n\n\n\n<p><strong>Uchwa\u0142y:<\/strong><\/p>\n\n\n\n<p><a href=\"https:\/\/drive.google.com\/file\/d\/1QO1oVbzSMkcyY78AyvXRAirBNMudXUuC\/view?usp=sharing\" data-type=\"link\" data-id=\"https:\/\/drive.google.com\/file\/d\/1QO1oVbzSMkcyY78AyvXRAirBNMudXUuC\/view?usp=sharing\">U1\/RD20\/2024<\/a> w sprawie powo\u0142ania przedstawicieli doktorant\u00f3w w Radzie Szko\u0142y Doktorskiej PWr na rok akademicki 2024\/2025<\/p>\n\n\n\n<p><a href=\"https:\/\/drive.google.com\/file\/d\/1E0-W_K8VHF8G89qVlhvg6mfp_xv5_SbM\/view?usp=sharing\" data-type=\"link\" data-id=\"https:\/\/drive.google.com\/file\/d\/1E0-W_K8VHF8G89qVlhvg6mfp_xv5_SbM\/view?usp=sharing\">U2\/RD20\/2024<\/a> w sprawie powo\u0142ania przedstawiciela doktorant\u00f3w do Komisji Centralnej ds. Finansowania Dzia\u0142alno\u015bci Studenckiej<\/p>\n\n\n\n<p><a href=\"https:\/\/drive.google.com\/file\/d\/1jIij4UsYUSLhIngJ_Uze28N_G2hvgK-Y\/view?usp=sharing\" data-type=\"link\" data-id=\"https:\/\/drive.google.com\/file\/d\/1jIij4UsYUSLhIngJ_Uze28N_G2hvgK-Y\/view?usp=sharing\">U3\/RD20\/2024<\/a> w sprawie powo\u0142ania Delegata oraz Zast\u0119pcy Delegata do Wroc\u0142awsko-Opolskiego Porozumienia Doktorant\u00f3w do dnia 31.12.2024 r.<\/p>\n\n\n\n<p><a href=\"https:\/\/drive.google.com\/file\/d\/1IiYtpsxKIxLuK8qu1MTxg5nXgQ_ikkMw\/view?usp=sharing\" data-type=\"link\" data-id=\"https:\/\/drive.google.com\/file\/d\/1IiYtpsxKIxLuK8qu1MTxg5nXgQ_ikkMw\/view?usp=sharing\">U4\/RD20\/2024<\/a> w sprawie powo\u0142ania Delegata oraz Zast\u0119pcy Delegata do Wroc\u0142awsko-Opolskiego Porozumienia Doktorant\u00f3w na okres 01.01.2025 r. &#8211; 31.12.2025 r.<\/p>\n\n\n\n<p><a href=\"https:\/\/drive.google.com\/file\/d\/1DuJFKHptqKtUBle_pAc6NmA2ssK532xY\/view?usp=sharing\" data-type=\"link\" data-id=\"https:\/\/drive.google.com\/file\/d\/1DuJFKHptqKtUBle_pAc6NmA2ssK532xY\/view?usp=sharing\">U1\/RD20\/2025<\/a> w sprawie wskazania reprezentanta doktorant\u00f3w w Wydzia\u0142owej Komisji ds. Jako\u015bci Kszta\u0142cenia Wydzia\u0142u Elektroniki, Fotoniki i Mikrosystem\u00f3w Politechniki Wroc\u0142awskiej<\/p>\n\n\n\n<p><a href=\"https:\/\/drive.google.com\/file\/d\/1pujzxc0zpkkHWG1vhaiOG5TuHKkBHnSF\/view?usp=sharing\" data-type=\"link\" data-id=\"https:\/\/drive.google.com\/file\/d\/1pujzxc0zpkkHWG1vhaiOG5TuHKkBHnSF\/view?usp=sharing\">U2\/RD20\/2025<\/a> w sprawie wskazania reprezentanta doktorant\u00f3w w Wydzia\u0142owej Komisji ds. Finansowania Dzia\u0142alno\u015bci Studenckiej na Wydziale Informatyki i Telekomunikacji Politechniki Wroc\u0142awskiej<\/p>\n\n\n\n<p><a href=\"https:\/\/drive.google.com\/file\/d\/1sZQrqJyp7aQPTuw56olpSwyVgCtgzBEa\/view?usp=sharing\" data-type=\"link\" data-id=\"https:\/\/drive.google.com\/file\/d\/1sZQrqJyp7aQPTuw56olpSwyVgCtgzBEa\/view?usp=sharing\">U3\/RD20\/2025<\/a> w sprawie wskazania reprezentanta doktorant\u00f3w w Wydzia\u0142owej Komisji ds. Finansowania Dzia\u0142alno\u015bci Studenckiej na Wydziale In\u017cynierii \u015arodowiska Politechniki Wroc\u0142awskiej<\/p>\n\n\n\n<p><a href=\"https:\/\/drive.google.com\/file\/d\/1HVT02Ekp-lix_AOvNFKl8dy3C232jDuN\/view?usp=sharing\" data-type=\"link\" data-id=\"https:\/\/drive.google.com\/file\/d\/1HVT02Ekp-lix_AOvNFKl8dy3C232jDuN\/view?usp=sharing\">U4\/RD20\/2025<\/a> w sprawie wskazania reprezentanta doktorant\u00f3w w Wydzia\u0142owej Komisji ds. Finansowania Dzia\u0142alno\u015bci Studenckiej na Wydziale Matematyki Politechniki Wroc\u0142awskiej<\/p>\n\n\n\n<p><a href=\"https:\/\/drive.google.com\/file\/d\/1wDk0Kdw-nJqemmrVvGgoCYJp6bBLfL8q\/view?usp=sharing\" data-type=\"link\" data-id=\"https:\/\/drive.google.com\/file\/d\/1wDk0Kdw-nJqemmrVvGgoCYJp6bBLfL8q\/view?usp=sharing\">U5\/RD20\/2025<\/a> w sprawie uzgodnienia Regulaminu Szko\u0142y Doktorskiej Politechniki Wroc\u0142awskiej<\/p>\n\n\n\n<p><a href=\"https:\/\/drive.google.com\/file\/d\/1GxYgmY63i7zJr-FYUKiwTq-WMGlE4rle\/view?usp=sharing\" data-type=\"link\" data-id=\"https:\/\/drive.google.com\/file\/d\/1GxYgmY63i7zJr-FYUKiwTq-WMGlE4rle\/view?usp=sharing\">U6\/RD20\/2025<\/a> w sprawie powo\u0142ania przedstawiciela doktorant\u00f3w do Komisji ds. Oceny i Zapewniania Jako\u015bci Kszta\u0142cenia Szko\u0142y Doktorskiej Politechniki Wroc\u0142awskiej<\/p>\n\n\n\n<p><a href=\"https:\/\/drive.google.com\/file\/d\/1zQM08HSKlbxYXrNI96QSeZN9K0P-qcOv\/view?usp=drive_link\" data-type=\"link\" data-id=\"https:\/\/drive.google.com\/file\/d\/1zQM08HSKlbxYXrNI96QSeZN9K0P-qcOv\/view?usp=drive_link\">U7\/RD20\/2025<\/a> w sprawie powo\u0142ania przedstawicieli doktorant\u00f3w do Komisji ds. Nagr\u00f3d Rektora dla Doktorant\u00f3w w roku akademickim 2025\/2026<\/p>\n\n\n\n<p><\/p>\n\n\n\n<p><strong>Opinie:<\/strong><\/p>\n\n\n\n<p><a href=\"https:\/\/drive.google.com\/file\/d\/1SfUWxyVDAmVjfzvl7uJRAv6rv8XyWBfX\/view?usp=sharing\" data-type=\"link\" data-id=\"https:\/\/drive.google.com\/file\/d\/1SfUWxyVDAmVjfzvl7uJRAv6rv8XyWBfX\/view?usp=sharing\">O1\/RD20\/2025<\/a> w sprawie zmian w Regulaminie przyznawania minigrant\u00f3w dla doktorant\u00f3w Szko\u0142y Doktorskiej Politechniki Wroc\u0142awskiej<\/p>\n\n\n\n<p><a href=\"https:\/\/drive.google.com\/file\/d\/1pnaVaTFqF4GBOhHs1MLdQlO7hg6WcL9n\/view?usp=sharing\" data-type=\"link\" data-id=\"https:\/\/drive.google.com\/file\/d\/1pnaVaTFqF4GBOhHs1MLdQlO7hg6WcL9n\/view?usp=sharing\">O2\/RD20\/2025<\/a> w sprawie ustalenia procedury anulowania kurs\u00f3w dla doktorant\u00f3w Szko\u0142y Doktorskiej Politechniki Wroc\u0142awskiej<\/p>\n\n\n\n<p><a href=\"https:\/\/drive.google.com\/file\/d\/1YOaS9pcI5-sC9yTbXoR_vud93vZjOgwg\/view?usp=sharing\" data-type=\"link\" data-id=\"https:\/\/drive.google.com\/file\/d\/1YOaS9pcI5-sC9yTbXoR_vud93vZjOgwg\/view?usp=sharing\">O3\/RD20\/2025<\/a> w sprawie projektu Zarz\u0105dzenia Wewn\u0119trznego w sprawie ustalenia liczby i wysoko\u015bci przyznawanych doktorantom Szko\u0142y Doktorskiej stypendi\u00f3w naukowych z w\u0142asnego funduszu na stypendia Politechniki Wroc\u0142awskiej oraz powo\u0142ania Komisji ds. Stypendi\u00f3w z w\u0142asnego funduszu stypendialnego<\/p>\n\n\n\n<p><a href=\"https:\/\/drive.google.com\/file\/d\/1XFbJ8AoE8ZfhvklWl1Ub25p4ZXiR9J4z\/view?usp=sharing\" data-type=\"link\" data-id=\"https:\/\/drive.google.com\/file\/d\/1XFbJ8AoE8ZfhvklWl1Ub25p4ZXiR9J4z\/view?usp=sharing\">O4\/RD20\/2025<\/a> w sprawie projektu Regulaminu przyznawania nagr\u00f3d Rektora doktorantom Szko\u0142y Doktorskiej Politechniki Wroc\u0142awskiej<\/p>\n\n\n\n<p><a href=\"https:\/\/drive.google.com\/file\/d\/1YOXwmHwVOMbcVm2oaNp6-5PLNexFaEop\/view?usp=sharing\" data-type=\"link\" data-id=\"https:\/\/drive.google.com\/file\/d\/1YOXwmHwVOMbcVm2oaNp6-5PLNexFaEop\/view?usp=sharing\">O5\/RD20\/2025<\/a> w sprawie zmian w Regulaminie Szko\u0142y Doktorskiej Politechniki Wroc\u0142awskiej<\/p>\n\n\n\n<p><a href=\"https:\/\/drive.google.com\/file\/d\/1KwGIC9fGfQrFre0gRxrMwjaHkpTdifWR\/view?usp=sharing\" data-type=\"link\" data-id=\"https:\/\/drive.google.com\/file\/d\/1KwGIC9fGfQrFre0gRxrMwjaHkpTdifWR\/view?usp=sharing\">O6\/RD20\/2025<\/a> w sprawie zmian w Statucie Politechniki Wroc\u0142awskiej<\/p>\n\n\n\n<p><a href=\"https:\/\/drive.google.com\/file\/d\/1uFPP89echHib0JVEeTyBrwzrd0gX2j4O\/view?usp=sharing\" data-type=\"link\" data-id=\"https:\/\/drive.google.com\/file\/d\/1uFPP89echHib0JVEeTyBrwzrd0gX2j4O\/view?usp=sharing\">O7\/RD20\/2025<\/a> w sprawie projektu &#8222;Zasad dokonywania oceny osi\u0105gni\u0119\u0107 doktorant\u00f3w Szko\u0142y Doktorskiej w przygotowaniu rozprawy doktorskiej oraz otrzymywania stypendium doktoranckiego o zwi\u0119kszonej wysoko\u015bci&#8221;<\/p>\n\n\n\n<p><a href=\"https:\/\/drive.google.com\/file\/d\/1SySHX4CdD4XQziS2VokQ1UfZW3Hy568D\/view?usp=sharing\" data-type=\"link\" data-id=\"https:\/\/drive.google.com\/file\/d\/1SySHX4CdD4XQziS2VokQ1UfZW3Hy568D\/view?usp=sharing\">O8\/RD20\/2025<\/a> w sprawie projektu Zarz\u0105dzenia Wewn\u0119trznego w sprawie ustalenia Zasad przyznawania doktorantom stypendi\u00f3w naukowych z w\u0142asnego funduszu na stypendia Politechniki Wroc\u0142awskiej<\/p>\n","protected":false},"excerpt":{"rendered":"<p>Uchwa\u0142y i opinie Rady Doktorant\u00f3w XX kadencji (2024\/2025): Uchwa\u0142y: U1\/RD20\/2024 w sprawie powo\u0142ania przedstawicieli doktorant\u00f3w w Radzie Szko\u0142y Doktorskiej PWr na rok akademicki 2024\/2025 U2\/RD20\/2024 w sprawie powo\u0142ania przedstawiciela doktorant\u00f3w do Komisji Centralnej ds. Finansowania Dzia\u0142alno\u015bci Studenckiej U3\/RD20\/2024 w sprawie powo\u0142ania Delegata oraz Zast\u0119pcy Delegata do Wroc\u0142awsko-Opolskiego Porozumienia Doktorant\u00f3w do dnia 31.12.2024 r. U4\/RD20\/2024 w&hellip; <br \/> <a class=\"button small blue\" href=\"https:\/\/radadoktorantow.pwr.edu.pl\/index.php\/uchwaly-i-opinie\/\">Dowiedz si\u0119 wi\u0119cej<\/a><\/p>\n","protected":false},"author":13,"featured_media":0,"parent":0,"menu_order":0,"comment_status":"closed","ping_status":"closed","template":"","meta":{"footnotes":""},"_links":{"self":[{"href":"https:\/\/radadoktorantow.pwr.edu.pl\/index.php\/wp-json\/wp\/v2\/pages\/2489"}],"collection":[{"href":"https:\/\/radadoktorantow.pwr.edu.pl\/index.php\/wp-json\/wp\/v2\/pages"}],"about":[{"href":"https:\/\/radadoktorantow.pwr.edu.pl\/index.php\/wp-json\/wp\/v2\/types\/page"}],"author":[{"embeddable":true,"href":"https:\/\/radadoktorantow.pwr.edu.pl\/index.php\/wp-json\/wp\/v2\/users\/13"}],"replies":[{"embeddable":true,"href":"https:\/\/radadoktorantow.pwr.edu.pl\/index.php\/wp-json\/wp\/v2\/comments?post=2489"}],"version-history":[{"count":7,"href":"https:\/\/radadoktorantow.pwr.edu.pl\/index.php\/wp-json\/wp\/v2\/pages\/2489\/revisions"}],"predecessor-version":[{"id":2519,"href":"https:\/\/radadoktorantow.pwr.edu.pl\/index.php\/wp-json\/wp\/v2\/pages\/2489\/revisions\/2519"}],"wp:attachment":[{"href":"https:\/\/radadoktorantow.pwr.edu.pl\/index.php\/wp-json\/wp\/v2\/media?parent=2489"}],"curies":[{"name":"wp","href":"https:\/\/api.w.org\/{rel}","templated":true}]}}