{"id":2182,"date":"2024-02-21T06:52:11","date_gmt":"2024-02-21T05:52:11","guid":{"rendered":"https:\/\/radadoktorantow.pwr.edu.pl\/?page_id=2182"},"modified":"2024-02-21T07:33:27","modified_gmt":"2024-02-21T06:33:27","slug":"dzien-doktoranta","status":"publish","type":"page","link":"https:\/\/radadoktorantow.pwr.edu.pl\/index.php\/dzien-doktoranta\/","title":{"rendered":"Dzie\u0144 Doktoranta"},"content":{"rendered":"\n<figure class=\"wp-block-image size-large\"><img loading=\"lazy\" decoding=\"async\" width=\"1024\" height=\"683\" src=\"http:\/\/radadoktorantow.pwr.edu.pl\/wp-content\/uploads\/2024\/02\/354204359_269380098952119_7297852944635784694_n-1024x683.jpg\" alt=\"\" class=\"wp-image-2137\" srcset=\"https:\/\/radadoktorantow.pwr.edu.pl\/wp-content\/uploads\/2024\/02\/354204359_269380098952119_7297852944635784694_n-1024x683.jpg 1024w, https:\/\/radadoktorantow.pwr.edu.pl\/wp-content\/uploads\/2024\/02\/354204359_269380098952119_7297852944635784694_n-300x200.jpg 300w, https:\/\/radadoktorantow.pwr.edu.pl\/wp-content\/uploads\/2024\/02\/354204359_269380098952119_7297852944635784694_n-768x512.jpg 768w, https:\/\/radadoktorantow.pwr.edu.pl\/wp-content\/uploads\/2024\/02\/354204359_269380098952119_7297852944635784694_n-1536x1024.jpg 1536w, https:\/\/radadoktorantow.pwr.edu.pl\/wp-content\/uploads\/2024\/02\/354204359_269380098952119_7297852944635784694_n-1620x1080.jpg 1620w, https:\/\/radadoktorantow.pwr.edu.pl\/wp-content\/uploads\/2024\/02\/354204359_269380098952119_7297852944635784694_n.jpg 2048w\" sizes=\"(max-width: 1024px) 100vw, 1024px\" \/><\/figure>\n\n\n\n<p>2 km, dok\u0142adnie na takim dystansie mi\u0119dzy przystani\u0105 Akademick\u0105 a Szczytnick\u0105 zamieniali\u015bmy pok\u0142ad statku \u201cNereida\u201d we wroc\u0142awsk\u0105 Hellad\u0119, aby m\u00f3c godnie ugo\u015bci\u0107 wszystkich doktoranckich Bog\u00f3w, albo raczej boskich Doktorant\u00f3w. Doktoranci te\u017c stali przed du\u017cym wyzwaniem organizacyjnym &#8211; musieli tak zaplanowa\u0107 ca\u0142y dzie\u0144 w laboratorium, \u017ceby zd\u0105\u017cy\u0107 na 18:00, bo statek nie czeka\u0142 na sp\u00f3\u017anialskich.<\/p>\n\n\n\n<p>Staro\u017cytn\u0105 Grecj\u0119 bez w\u0105tpienia mo\u017cna nazwa\u0107 kolebk\u0105 kultury i ca\u0142ej cywilizacji europejskiej, dlatego w\u0142a\u015bnie w tamte czasy przenie\u015bli\u015bmy si\u0119 podczas naszego rejsu<\/p>\n\n\n\n<p>Inicjatywa, a raczej ogromne wyzwanie &#8211; 120 os\u00f3b na statku i prawie wszyscy ch\u0119tni do ta\u0144czenia belgijki, po takim do\u015bwiadczeniu ten taniec oficjalnie uznali\u015bmy jako sport ekstremalny<\/p>\n\n\n\n<p>Kiedy nasi Doktoranci dostaj\u0105 sygna\u0142 \u201cimpreza przebierana\u201d nigdy nas nie zawodz\u0105, kostiumy by\u0142y po prostu boskie<\/p>\n","protected":false},"excerpt":{"rendered":"<p>2 km, dok\u0142adnie na takim dystansie mi\u0119dzy przystani\u0105 Akademick\u0105 a Szczytnick\u0105 zamieniali\u015bmy pok\u0142ad statku \u201cNereida\u201d we wroc\u0142awsk\u0105 Hellad\u0119, aby m\u00f3c godnie ugo\u015bci\u0107 wszystkich doktoranckich Bog\u00f3w, albo raczej boskich Doktorant\u00f3w. Doktoranci te\u017c stali przed du\u017cym wyzwaniem organizacyjnym &#8211; musieli tak zaplanowa\u0107 ca\u0142y dzie\u0144 w laboratorium, \u017ceby zd\u0105\u017cy\u0107 na 18:00, bo statek nie czeka\u0142 na sp\u00f3\u017anialskich. Staro\u017cytn\u0105&hellip; <br \/> <a class=\"button small blue\" href=\"https:\/\/radadoktorantow.pwr.edu.pl\/index.php\/dzien-doktoranta\/\">Dowiedz si\u0119 wi\u0119cej<\/a><\/p>\n","protected":false},"author":10,"featured_media":0,"parent":0,"menu_order":0,"comment_status":"closed","ping_status":"closed","template":"","meta":{"footnotes":""},"_links":{"self":[{"href":"https:\/\/radadoktorantow.pwr.edu.pl\/index.php\/wp-json\/wp\/v2\/pages\/2182"}],"collection":[{"href":"https:\/\/radadoktorantow.pwr.edu.pl\/index.php\/wp-json\/wp\/v2\/pages"}],"about":[{"href":"https:\/\/radadoktorantow.pwr.edu.pl\/index.php\/wp-json\/wp\/v2\/types\/page"}],"author":[{"embeddable":true,"href":"https:\/\/radadoktorantow.pwr.edu.pl\/index.php\/wp-json\/wp\/v2\/users\/10"}],"replies":[{"embeddable":true,"href":"https:\/\/radadoktorantow.pwr.edu.pl\/index.php\/wp-json\/wp\/v2\/comments?post=2182"}],"version-history":[{"count":2,"href":"https:\/\/radadoktorantow.pwr.edu.pl\/index.php\/wp-json\/wp\/v2\/pages\/2182\/revisions"}],"predecessor-version":[{"id":2208,"href":"https:\/\/radadoktorantow.pwr.edu.pl\/index.php\/wp-json\/wp\/v2\/pages\/2182\/revisions\/2208"}],"wp:attachment":[{"href":"https:\/\/radadoktorantow.pwr.edu.pl\/index.php\/wp-json\/wp\/v2\/media?parent=2182"}],"curies":[{"name":"wp","href":"https:\/\/api.w.org\/{rel}","templated":true}]}}