{"id":2181,"date":"2024-02-21T06:52:11","date_gmt":"2024-02-21T05:52:11","guid":{"rendered":"https:\/\/radadoktorantow.pwr.edu.pl\/?page_id=2181"},"modified":"2024-02-21T07:57:11","modified_gmt":"2024-02-21T06:57:11","slug":"rajd-doktoranta","status":"publish","type":"page","link":"https:\/\/radadoktorantow.pwr.edu.pl\/index.php\/rajd-doktoranta\/","title":{"rendered":"Rajd Doktoranta"},"content":{"rendered":"<div class=\"wp-block-image\">\n<figure class=\"aligncenter size-large\"><img loading=\"lazy\" decoding=\"async\" width=\"1024\" height=\"683\" src=\"http:\/\/radadoktorantow.pwr.edu.pl\/wp-content\/uploads\/2024\/02\/346808718_646217190655051_2657595920610477135_n-1024x683.jpg\" alt=\"\" class=\"wp-image-2136\" srcset=\"https:\/\/radadoktorantow.pwr.edu.pl\/wp-content\/uploads\/2024\/02\/346808718_646217190655051_2657595920610477135_n-1024x683.jpg 1024w, https:\/\/radadoktorantow.pwr.edu.pl\/wp-content\/uploads\/2024\/02\/346808718_646217190655051_2657595920610477135_n-300x200.jpg 300w, https:\/\/radadoktorantow.pwr.edu.pl\/wp-content\/uploads\/2024\/02\/346808718_646217190655051_2657595920610477135_n-768x512.jpg 768w, https:\/\/radadoktorantow.pwr.edu.pl\/wp-content\/uploads\/2024\/02\/346808718_646217190655051_2657595920610477135_n-1536x1024.jpg 1536w, https:\/\/radadoktorantow.pwr.edu.pl\/wp-content\/uploads\/2024\/02\/346808718_646217190655051_2657595920610477135_n-1620x1080.jpg 1620w, https:\/\/radadoktorantow.pwr.edu.pl\/wp-content\/uploads\/2024\/02\/346808718_646217190655051_2657595920610477135_n.jpg 1920w\" sizes=\"(max-width: 1024px) 100vw, 1024px\" \/><\/figure><\/div>\n\n\n<p>Rajd Doktoranta to wydarzenie, kt\u00f3re powsta\u0142o z my\u015bl\u0105 o integracji spo\u0142eczno\u015bci doktoranckiej.&nbsp; To miejsce, gdzie doktoranci z r\u00f3\u017cnych instytucji i dziedzin naukowych mogli si\u0119 spotka\u0107, by nawi\u0105za\u0107 kontakty i budowa\u0107 trwa\u0142e relacje. Rajd odby\u0142 si\u0119 w malowniczych okoliczno\u015bciach g\u00f3rach karkonoskich, w miejscowo\u015bci Przesieka. Jako organizatorzy zapewnili\u015bmy komfortowy transport autokarowy, wy\u017cywienie, nocleg oraz wiele atrakcji. Na miejscu na uczestnik\u00f3w czeka\u0142y gry i zabawy integracyjne. Speed meeting pozwoli\u0142 na ekspresowe zapoznanie si\u0119 grupy, turniej flanek dostarczy\u0142 emocjonuj\u0105cej rywalizacji, a siatk\u00f3wka by\u0142a doskona\u0142ym sposobem na roz\u0142adowanie stresu i emocji. B\u0119d\u0105c w g\u00f3rach nie mog\u0142o zabrakn\u0105\u0107 porannej wycieczki! Uczestnicy mieli do wyboru dwie trasy: kr\u00f3tk\u0105, prowadz\u0105c\u0105 nad wodospad oraz d\u0142ug\u0105 na Zamek Chojnik. W sobotni wiecz\u00f3r odby\u0142 si\u0119 PubQuiz z go\u015bcinnym udzia\u0142em w\u0142adz Politechniki Wroc\u0142awskiej. Doktoranci podzieleni na grupy odpowiadali na pytania z 9 r\u00f3\u017cnych kategorii. Najlepsze dru\u017cyny zosta\u0142y nagrodzone atrakcyjnymi upominkami. Podczas Rajdu odby\u0142y si\u0119 tak\u017ce Igrzyska Doktoranckie. Dru\u017cyny musia\u0142y pokona\u0107 tor przeszk\u00f3d sk\u0142adaj\u0105cy si\u0119 z zada\u0144 bazuj\u0105cych na umiej\u0119tno\u015bciach logicznego my\u015blenia oraz wykaza\u0107 si\u0119 sprawno\u015bci\u0105 fizyczn\u0105. Najszybsza ekipa w nagrod\u0119 otrzyma\u0142a olimpijski znicz doktorancki, a nast\u0119pnie mog\u0142a odby\u0107 triumfalny bieg. Wieczorami odbywa\u0142y si\u0119 imprezy muzyczne prowadzone przez zesp\u00f3\u0142 dj-ski, gdzie wsp\u00f3lnie bawili\u015bmy si\u0119 ta\u0144cz\u0105c poloneza czy belgijk\u0119.<\/p>\n\n\n\n<p class=\"has-white-background-color has-background has-medium-font-size\"><strong>Rajd Doktoranta 2024 odb\u0119dzie si\u0119 w terminie 17-19.05.2024 w Przesiece!<\/strong><\/p>\n","protected":false},"excerpt":{"rendered":"<p>Rajd Doktoranta to wydarzenie, kt\u00f3re powsta\u0142o z my\u015bl\u0105 o integracji spo\u0142eczno\u015bci doktoranckiej.&nbsp; To miejsce, gdzie doktoranci z r\u00f3\u017cnych instytucji i dziedzin naukowych mogli si\u0119 spotka\u0107, by nawi\u0105za\u0107 kontakty i budowa\u0107 trwa\u0142e relacje. Rajd odby\u0142 si\u0119 w malowniczych okoliczno\u015bciach g\u00f3rach karkonoskich, w miejscowo\u015bci Przesieka. Jako organizatorzy zapewnili\u015bmy komfortowy transport autokarowy, wy\u017cywienie, nocleg oraz wiele atrakcji. Na&hellip; <br \/> <a class=\"button small blue\" href=\"https:\/\/radadoktorantow.pwr.edu.pl\/index.php\/rajd-doktoranta\/\">Dowiedz si\u0119 wi\u0119cej<\/a><\/p>\n","protected":false},"author":10,"featured_media":0,"parent":0,"menu_order":0,"comment_status":"closed","ping_status":"closed","template":"","meta":{"footnotes":""},"_links":{"self":[{"href":"https:\/\/radadoktorantow.pwr.edu.pl\/index.php\/wp-json\/wp\/v2\/pages\/2181"}],"collection":[{"href":"https:\/\/radadoktorantow.pwr.edu.pl\/index.php\/wp-json\/wp\/v2\/pages"}],"about":[{"href":"https:\/\/radadoktorantow.pwr.edu.pl\/index.php\/wp-json\/wp\/v2\/types\/page"}],"author":[{"embeddable":true,"href":"https:\/\/radadoktorantow.pwr.edu.pl\/index.php\/wp-json\/wp\/v2\/users\/10"}],"replies":[{"embeddable":true,"href":"https:\/\/radadoktorantow.pwr.edu.pl\/index.php\/wp-json\/wp\/v2\/comments?post=2181"}],"version-history":[{"count":5,"href":"https:\/\/radadoktorantow.pwr.edu.pl\/index.php\/wp-json\/wp\/v2\/pages\/2181\/revisions"}],"predecessor-version":[{"id":2219,"href":"https:\/\/radadoktorantow.pwr.edu.pl\/index.php\/wp-json\/wp\/v2\/pages\/2181\/revisions\/2219"}],"wp:attachment":[{"href":"https:\/\/radadoktorantow.pwr.edu.pl\/index.php\/wp-json\/wp\/v2\/media?parent=2181"}],"curies":[{"name":"wp","href":"https:\/\/api.w.org\/{rel}","templated":true}]}}