{"id":20,"date":"2016-11-15T12:24:39","date_gmt":"2016-11-15T11:24:39","guid":{"rendered":"http:\/\/radadoktorantow.pwr.edu.pl\/?page_id=20"},"modified":"2021-09-21T15:59:22","modified_gmt":"2021-09-21T13:59:22","slug":"kontakt","status":"publish","type":"page","link":"https:\/\/radadoktorantow.pwr.edu.pl\/index.php\/kontakt\/","title":{"rendered":"Kontakt"},"content":{"rendered":"<p>Wszelkie sprawy zwi\u0105zane z dzia\u0142alno\u015bci\u0105 Rady Doktorant\u00f3w (oraz innych organ\u00f3w Samorz\u0105du Doktorant\u00f3w) prosimy kierowa\u0107 na poni\u017cszy adres:<\/p>\n<h3 style=\"text-align: center;\"><strong>radadoktorantow@pwr.edu.pl<\/strong><\/h3>\n<p>Nie wahajcie si\u0119 pisa\u0107 do nas r\u00f3wnie\u017c w sprawie wszelakich problem\u00f3w zwi\u0105zanych z kszta\u0142ceniem, relacj\u0105 z promotorem czy problemami natury psychologicznej. Postaramy si\u0119 Wam pom\u00f3c je rozwi\u0105za\u0107 lub skierowa\u0107 Was we w\u0142a\u015bciwe miejsca.<\/p>\n<p>&nbsp;<\/p>\n<p><strong>UWAGA!<\/strong><\/p>\n<p>Prosimy wiadomo\u015bci mailowe <strong><span style=\"text-decoration: underline;\">wysy\u0142a\u0107 z adres\u00f3w w domenie pwr.edu.pl<\/span><\/strong> w celu unikni\u0119cia trafienia prze nie do spamu.<\/p>\n<p>Prosimy <strong>nie kierowa\u0107<\/strong> do nas wiadomo\u015bci z pro\u015bb\u0105 o przekazanie doktorantom informacji o konferencjach (nie dotyczy konferencji organizowanych przez doktorant\u00f3w PWr).<\/p>\n<p>Ch\u0119tnie spotkamy si\u0119 z zainteresowanymi osobami w biurze Rady, po wcze\u015bniejszym um\u00f3wieniu drog\u0105 e-mailow\u0105. Nasz adres znajduje si\u0119 poni\u017cej (jednocze\u015bnie adres korespondencyjny).<\/p>\n<h3 style=\"text-align: center;\"><strong>Rada Doktorant\u00f3w Politechniki Wroc\u0142awskiej<\/strong><\/h3>\n<h3 style=\"text-align: center;\"><strong>Politechnika Wroc\u0142awska<\/strong><\/h3>\n<h3 style=\"text-align: center;\"><strong>Wybrze\u017ce Wyspia\u0144skiego 27, 50-370 Wroc\u0142aw<\/strong><\/h3>\n<h3 style=\"text-align: center;\"><strong>bud. C-8, pok. 13 (1 pi\u0119tro)<\/strong><\/h3>\n","protected":false},"excerpt":{"rendered":"<p>Wszelkie sprawy zwi\u0105zane z dzia\u0142alno\u015bci\u0105 Rady Doktorant\u00f3w (oraz innych organ\u00f3w Samorz\u0105du Doktorant\u00f3w) prosimy kierowa\u0107 na poni\u017cszy adres: radadoktorantow@pwr.edu.pl Nie wahajcie si\u0119 pisa\u0107 do nas r\u00f3wnie\u017c w sprawie wszelakich problem\u00f3w zwi\u0105zanych z kszta\u0142ceniem, relacj\u0105 z promotorem czy problemami natury psychologicznej. Postaramy si\u0119 Wam pom\u00f3c je rozwi\u0105za\u0107 lub skierowa\u0107 Was we w\u0142a\u015bciwe miejsca. &nbsp; UWAGA! Prosimy wiadomo\u015bci&hellip; <br \/> <a class=\"button small blue\" href=\"https:\/\/radadoktorantow.pwr.edu.pl\/index.php\/kontakt\/\">Dowiedz si\u0119 wi\u0119cej<\/a><\/p>\n","protected":false},"author":10,"featured_media":0,"parent":0,"menu_order":0,"comment_status":"closed","ping_status":"closed","template":"","meta":{"footnotes":""},"_links":{"self":[{"href":"https:\/\/radadoktorantow.pwr.edu.pl\/index.php\/wp-json\/wp\/v2\/pages\/20"}],"collection":[{"href":"https:\/\/radadoktorantow.pwr.edu.pl\/index.php\/wp-json\/wp\/v2\/pages"}],"about":[{"href":"https:\/\/radadoktorantow.pwr.edu.pl\/index.php\/wp-json\/wp\/v2\/types\/page"}],"author":[{"embeddable":true,"href":"https:\/\/radadoktorantow.pwr.edu.pl\/index.php\/wp-json\/wp\/v2\/users\/10"}],"replies":[{"embeddable":true,"href":"https:\/\/radadoktorantow.pwr.edu.pl\/index.php\/wp-json\/wp\/v2\/comments?post=20"}],"version-history":[{"count":7,"href":"https:\/\/radadoktorantow.pwr.edu.pl\/index.php\/wp-json\/wp\/v2\/pages\/20\/revisions"}],"predecessor-version":[{"id":1458,"href":"https:\/\/radadoktorantow.pwr.edu.pl\/index.php\/wp-json\/wp\/v2\/pages\/20\/revisions\/1458"}],"wp:attachment":[{"href":"https:\/\/radadoktorantow.pwr.edu.pl\/index.php\/wp-json\/wp\/v2\/media?parent=20"}],"curies":[{"name":"wp","href":"https:\/\/api.w.org\/{rel}","templated":true}]}}