{"id":1426,"date":"2021-09-08T15:41:25","date_gmt":"2021-09-08T13:41:25","guid":{"rendered":"http:\/\/radadoktorantow.pwr.edu.pl\/?page_id=1426"},"modified":"2026-03-06T15:02:38","modified_gmt":"2026-03-06T14:02:38","slug":"nasze-aktywnosci","status":"publish","type":"page","link":"https:\/\/radadoktorantow.pwr.edu.pl\/index.php\/nasze-aktywnosci\/","title":{"rendered":"Kolegium Doktoranckie"},"content":{"rendered":"<p>Kolegium Doktoranckie jest organem Samorz\u0105du Doktorant\u00f3w doradzaj\u0105cym Radzie Doktorant\u00f3w, wybieraj\u0105cym elektor\u00f3w oraz senator\u00f3w, a jego kadencja trwa 2 lata.<\/p>\n<p style=\"text-align: center;\"><strong>Sk\u0142ad Kolegium:<\/strong><\/p>\n<p><strong>mgr in\u017c. Adrian Kowali\u0144ski<\/strong> &#8211; W3\/RD &#8211; <em>przewodnicz\u0105cy Kolegium Doktoranckiego<\/em>, <em>wiceprzewodnicz\u0105cy Rady Doktorant\u00f3w<\/em><\/p>\n<p><strong>mgr in\u017c. Jeremi Jarosz<\/strong> &#8211; W5\/RD &#8211;\u00a0<em>wiceprzewodnicz\u0105cy Kolegium Doktoranckiego, cz\u0142onek Rady Doktorant\u00f3w<\/em><\/p>\n<p><i>wakat<\/i> &#8211; <em>sekretarz Kolegium Doktoranckiego<\/em><\/p>\n<p><strong>mgr in\u017c. Izabela Walendzik<\/strong> &#8211; W3\/RD &#8211; <em>przewodnicz\u0105ca<\/em><em>\u00a0Rady Doktorant\u00f3w<\/em><\/p>\n<p><strong>mgr in\u017c. Wiktoria Ko\u0142odzi\u0144ska<\/strong> &#8211; <span style=\"text-decoration: underline;\">W12<\/span>\/RD &#8211; <em>wiceprzewodnicz\u0105ca Rady Doktorant\u00f3w\u00a0<\/em><\/p>\n<p><strong>mgr in\u017c. Oliwia Frankiewicz <\/strong>&#8211; W5\/RD &#8211; <em>sekretarz Rady Doktorant\u00f3w<\/em><\/p>\n<p><strong>mgr in\u017c. Marta Stempniak<\/strong> &#8211;\u00a0<span style=\"text-decoration: underline;\">W9<\/span>\/RD &#8211;\u00a0<em>cz\u0142onkini Rady Doktorant\u00f3w<\/em><\/p>\n<p><strong>mgr in\u017c. Adam Kami\u0144ski <\/strong>&#8211; W10\/RD &#8211; <em>cz\u0142onek Rady Doktorant\u00f3w<\/em><\/p>\n<p><strong>mgr in\u017c. arch. Magdalena Reszka<\/strong> &#8211; <span style=\"text-decoration: underline;\">W1<\/span><\/p>\n<p><strong>mgr in\u017c. Mateusz Moj<\/strong> &#8211; <span style=\"text-decoration: underline;\">W2<\/span><\/p>\n<p><strong>mgr in\u017c. Pawe\u0142 Noce\u0144<\/strong> &#8211; <span style=\"text-decoration: underline;\">W3<\/span><\/p>\n<p><strong>mgr in\u017c. Maciej M\u0105czy\u0144ski<\/strong> &#8211;\u00a0<span style=\"text-decoration: underline;\">W4<\/span><\/p>\n<p><strong>mgr in\u017c. Grzegorz Kaczmarczyk<\/strong> &#8211; <span style=\"text-decoration: underline;\">W5<\/span><\/p>\n<p><strong>mgr in\u017c. Paulina Kujawa<\/strong> &#8211; <span style=\"text-decoration: underline;\">W6<\/span><\/p>\n<p><strong>mgr in\u017c. Kornelia Przestrzelska<\/strong> &#8211; <span style=\"text-decoration: underline;\">W7<\/span><\/p>\n<p><strong>mgr in\u017c. Arkadiusz Lipiecki<\/strong>\u00a0&#8211; <span style=\"text-decoration: underline;\">W8<\/span><\/p>\n<p><strong>mgr in\u017c. Piotr Maku\u0142a<\/strong> &#8211; <span style=\"text-decoration: underline;\">W10<\/span><\/p>\n<p><strong>mgr in\u017c. Damian Paw\u0142owski<\/strong> &#8211; <span style=\"text-decoration: underline;\">W11<\/span><\/p>\n<p><strong>mgr in\u017c. Sylwester Pi\u0105tek<\/strong> &#8211; <span style=\"text-decoration: underline;\">W13<\/span><\/p>\n","protected":false},"excerpt":{"rendered":"<p>Kolegium Doktoranckie jest organem Samorz\u0105du Doktorant\u00f3w doradzaj\u0105cym Radzie Doktorant\u00f3w, wybieraj\u0105cym elektor\u00f3w oraz senator\u00f3w, a jego kadencja trwa 2 lata. Sk\u0142ad Kolegium: mgr in\u017c. Adrian Kowali\u0144ski &#8211; W3\/RD &#8211; przewodnicz\u0105cy Kolegium Doktoranckiego, wiceprzewodnicz\u0105cy Rady Doktorant\u00f3w mgr in\u017c. Jeremi Jarosz &#8211; W5\/RD &#8211;\u00a0wiceprzewodnicz\u0105cy Kolegium Doktoranckiego, cz\u0142onek Rady Doktorant\u00f3w wakat &#8211; sekretarz Kolegium Doktoranckiego mgr in\u017c. Izabela Walendzik&hellip; <br \/> <a class=\"button small blue\" href=\"https:\/\/radadoktorantow.pwr.edu.pl\/index.php\/nasze-aktywnosci\/\">Dowiedz si\u0119 wi\u0119cej<\/a><\/p>\n","protected":false},"author":10,"featured_media":0,"parent":0,"menu_order":0,"comment_status":"closed","ping_status":"closed","template":"","meta":{"footnotes":""},"_links":{"self":[{"href":"https:\/\/radadoktorantow.pwr.edu.pl\/index.php\/wp-json\/wp\/v2\/pages\/1426"}],"collection":[{"href":"https:\/\/radadoktorantow.pwr.edu.pl\/index.php\/wp-json\/wp\/v2\/pages"}],"about":[{"href":"https:\/\/radadoktorantow.pwr.edu.pl\/index.php\/wp-json\/wp\/v2\/types\/page"}],"author":[{"embeddable":true,"href":"https:\/\/radadoktorantow.pwr.edu.pl\/index.php\/wp-json\/wp\/v2\/users\/10"}],"replies":[{"embeddable":true,"href":"https:\/\/radadoktorantow.pwr.edu.pl\/index.php\/wp-json\/wp\/v2\/comments?post=1426"}],"version-history":[{"count":14,"href":"https:\/\/radadoktorantow.pwr.edu.pl\/index.php\/wp-json\/wp\/v2\/pages\/1426\/revisions"}],"predecessor-version":[{"id":2611,"href":"https:\/\/radadoktorantow.pwr.edu.pl\/index.php\/wp-json\/wp\/v2\/pages\/1426\/revisions\/2611"}],"wp:attachment":[{"href":"https:\/\/radadoktorantow.pwr.edu.pl\/index.php\/wp-json\/wp\/v2\/media?parent=1426"}],"curies":[{"name":"wp","href":"https:\/\/api.w.org\/{rel}","templated":true}]}}