{"id":1423,"date":"2021-09-08T15:35:14","date_gmt":"2021-09-08T13:35:14","guid":{"rendered":"http:\/\/radadoktorantow.pwr.edu.pl\/?page_id=1423"},"modified":"2024-09-21T17:52:59","modified_gmt":"2024-09-21T15:52:59","slug":"infopack","status":"publish","type":"page","link":"https:\/\/radadoktorantow.pwr.edu.pl\/index.php\/infopack\/","title":{"rendered":"Infopack 2024\/2025"},"content":{"rendered":"<p>For EN version <a href=\"https:\/\/radadoktorantow.pwr.edu.pl\/index.php\/infopack-english-version\/\">click here<\/a>.<\/p>\n<p>Masz przed sob\u0105 zbi\u00f3r wskaz\u00f3wek dotycz\u0105cych Szko\u0142y Doktorskiej Politechniki Wroc\u0142awskiej i zasad w niej obowi\u0105zuj\u0105cych. Znajdziesz tu przegl\u0105d przydatnych informacji od technicznych uwag kiedy i gdzie za\u0142atwi\u0107 wymagane dokumenty po informacj\u0119 gdzie zaparkowa\u0107 czy zje\u015b\u0107 w okolicach kampusu.<\/p>\n\n\n<div data-wp-interactive=\"\" class=\"wp-block-file\"><object data-wp-bind--hidden=\"!selectors.core.file.hasPdfPreview\" hidden class=\"wp-block-file__embed\" data=\"https:\/\/radadoktorantow.pwr.edu.pl\/wp-content\/uploads\/2024\/09\/infopack2024-1.pdf\" type=\"application\/pdf\" style=\"width:100%;height:600px\" aria-label=\"Osadzone z infopack2024-1.\"><\/object><a id=\"wp-block-file--media-8ab3b382-f51e-42fd-92b9-4227184e4e00\" href=\"https:\/\/radadoktorantow.pwr.edu.pl\/wp-content\/uploads\/2024\/09\/infopack2024-1.pdf\">infopack2024-1<\/a><a href=\"https:\/\/radadoktorantow.pwr.edu.pl\/wp-content\/uploads\/2024\/09\/infopack2024-1.pdf\" class=\"wp-block-file__button wp-element-button\" download aria-describedby=\"wp-block-file--media-8ab3b382-f51e-42fd-92b9-4227184e4e00\">Pobierz<\/a><\/div>\n","protected":false},"excerpt":{"rendered":"<p>For EN version click here. Masz przed sob\u0105 zbi\u00f3r wskaz\u00f3wek dotycz\u0105cych Szko\u0142y Doktorskiej Politechniki Wroc\u0142awskiej i zasad w niej obowi\u0105zuj\u0105cych. Znajdziesz tu przegl\u0105d przydatnych informacji od technicznych uwag kiedy i gdzie za\u0142atwi\u0107 wymagane dokumenty po informacj\u0119 gdzie zaparkowa\u0107 czy zje\u015b\u0107 w okolicach kampusu.<\/p>\n","protected":false},"author":13,"featured_media":0,"parent":0,"menu_order":0,"comment_status":"closed","ping_status":"closed","template":"","meta":{"footnotes":""},"_links":{"self":[{"href":"https:\/\/radadoktorantow.pwr.edu.pl\/index.php\/wp-json\/wp\/v2\/pages\/1423"}],"collection":[{"href":"https:\/\/radadoktorantow.pwr.edu.pl\/index.php\/wp-json\/wp\/v2\/pages"}],"about":[{"href":"https:\/\/radadoktorantow.pwr.edu.pl\/index.php\/wp-json\/wp\/v2\/types\/page"}],"author":[{"embeddable":true,"href":"https:\/\/radadoktorantow.pwr.edu.pl\/index.php\/wp-json\/wp\/v2\/users\/13"}],"replies":[{"embeddable":true,"href":"https:\/\/radadoktorantow.pwr.edu.pl\/index.php\/wp-json\/wp\/v2\/comments?post=1423"}],"version-history":[{"count":8,"href":"https:\/\/radadoktorantow.pwr.edu.pl\/index.php\/wp-json\/wp\/v2\/pages\/1423\/revisions"}],"predecessor-version":[{"id":2380,"href":"https:\/\/radadoktorantow.pwr.edu.pl\/index.php\/wp-json\/wp\/v2\/pages\/1423\/revisions\/2380"}],"wp:attachment":[{"href":"https:\/\/radadoktorantow.pwr.edu.pl\/index.php\/wp-json\/wp\/v2\/media?parent=1423"}],"curies":[{"name":"wp","href":"https:\/\/api.w.org\/{rel}","templated":true}]}}