{"id":108,"date":"2016-11-25T02:22:59","date_gmt":"2016-11-25T01:22:59","guid":{"rendered":"http:\/\/radadoktorantow.pwr.edu.pl\/?page_id=108"},"modified":"2016-12-02T01:32:24","modified_gmt":"2016-12-02T00:32:24","slug":"kodeks-etyki-doktoranta","status":"publish","type":"page","link":"https:\/\/radadoktorantow.pwr.edu.pl\/index.php\/kodeks-etyki-doktoranta\/","title":{"rendered":"Kodeks etyki doktoranta"},"content":{"rendered":"<h3 style=\"text-align: justify;\"><span style=\"color: #000000;\">Uchwa\u0142a nr 3\/2016 Og\u00f3lnouczelnianego Zebrania Doktorant\u00f3w Politechniki Wroc\u0142awskiej z dnia 20 czerwca 2016 roku w sprawie Kodeksu etyki doktoranta Politechniki Wroc\u0142awskiej<\/span><\/h3>\n<p align=\"center\"><span style=\"color: #000000;\"><strong>Preambu\u0142a<\/strong><\/span><\/p>\n<p style=\"text-align: justify;\"><span style=\"color: #000000;\">Zgodnie z delegacj\u0105 wyra\u017con\u0105 w art. 208 ust. 1a ustawy Prawo o szkolnictwie wy\u017cszym Samorz\u0105d Doktorant\u00f3w Politechniki Wroc\u0142awskiej uchwala niniejszy Kodeks etyki doktoranta.<\/span><\/p>\n<p style=\"text-align: justify;\"><span style=\"color: #000000;\">Przed\u0142o\u017cony Kodeks etyki doktoranta stanowi zbi\u00f3r zasad wskazuj\u0105cy spos\u00f3b samoregulacji spo\u0142eczno\u015bci doktoranckiej w zakresie podstawowych warto\u015bci etycznych i dobrych praktyk w nauce. Jego podstaw\u0119 stanowi prze\u015bwiadczenie o podstawowym charakterze poszanowania cn\u00f3t pracy badawczej i dydaktycznej oraz wsp\u00f3lnoty doktoranckiej.<\/span><\/p>\n<p style=\"text-align: justify;\"><span style=\"color: #000000;\">Wieloletnia tradycja studi\u00f3w doktoranckich na przestrzeni lat poddawana by\u0142a licznym modyfikacjom zar\u00f3wno w zakresie formy, jak i trybu kszta\u0142cenia. <\/span><br \/>\n<span style=\"color: #000000;\"> W szczeg\u00f3lno\u015bci dotyczy\u0142o to obowi\u0105zk\u00f3w przypisywanych doktorantom, <\/span><br \/>\n<span style=\"color: #000000;\"> jak i posiadanych przez nich uprawnie\u0144. Przedstawiony Kodeks jest wyrazem niezmiennych zasad etycznych towarzysz\u0105cym studiom trzeciego stopnia. Stanowi on okre\u015blenie podstawowych cn\u00f3t, jakimi powinien cechowa\u0107 si\u0119 ka\u017cdy doktorant. Jednocze\u015bnie jest drogowskazem w\u00a0przypadku w\u0105tpliwo\u015bci, co do po\u017c\u0105danego sposobu post\u0119powania. Ostatecznym s\u0119dzi\u0105 w sprawach etycznych jest bowiem indywidualne sumienie ka\u017cdego doktoranta, jak i ca\u0142ej spo\u0142eczno\u015bci doktoranckiej.<\/span><\/p>\n<p style=\"text-align: justify;\"><span style=\"color: #000000;\">Kodeks ten definiuje tak\u017ce podstawowe zasady w\u0142a\u015bciwej praktyki prowadzenia bada\u0144 naukowych i zaj\u0119\u0107 dydaktycznych przez doktorant\u00f3w.<\/span><\/p>\n<p align=\"center\"><span style=\"color: #000000;\"><strong>Rozdzia\u0142 I<\/strong><\/span><\/p>\n<p align=\"center\"><span style=\"color: #000000;\"><strong>Przepisy og\u00f3lne<\/strong><\/span><\/p>\n<p align=\"center\"><span style=\"color: #000000;\"><strong>\u00a7 1<\/strong><\/span><\/p>\n<p style=\"text-align: justify;\"><span style=\"color: #000000;\">1. Obowi\u0105zki doktoranta oraz charakter wykonywanych przez niego czynno\u015bci wyznaczaj\u0105 zakres norm etycznych, do kt\u00f3rych przestrzegania zobowi\u0105zany jest ka\u017cdy doktorant.<\/span><\/p>\n<p style=\"text-align: justify;\"><span style=\"color: #000000;\">2. Naruszeniem godno\u015bci doktoranta jest takie post\u0119powanie doktoranta, kt\u00f3re mog\u0142oby poni\u017cy\u0107 go w opinii publicznej. Obowi\u0105zkiem doktoranta jest przestrzeganie norm etycznych i zasad okre\u015blonych w niniejszym Kodeksie.<a style=\"color: #000000;\" name=\"_GoBack\"><\/a><\/span><\/p>\n<p align=\"center\"><span style=\"color: #000000;\"><strong>\u00a7 2<\/strong><\/span><\/p>\n<p style=\"text-align: justify;\"><span style=\"color: #000000;\">W przypadkach nieobj\u0119tych niniejszym Kodeksem doktorant powinien kierowa\u0107 si\u0119 aktami wewn\u0119trznymi wydanymi przez organy Uczelni, z kt\u00f3r\u0105 jest zwi\u0105zany oraz zachowywa\u0107 si\u0119 zgodnie ze zwyczajami przyj\u0119tymi w spo\u0142eczno\u015bci akademickiej.<\/span><\/p>\n<p align=\"center\"><span style=\"color: #000000;\"><strong>\u00a7 3<\/strong><\/span><\/p>\n<p style=\"text-align: justify;\"><span style=\"color: #000000;\">Ka\u017cdy doktorant obowi\u0105zany jest wsp\u00f3\u0142dzia\u0142a\u0107 w przestrzeganiu przez doktorant\u00f3w zasad tego Kodeksu.<\/span><\/p>\n<p align=\"center\"><span style=\"color: #000000;\"><strong>\u00a7 4<\/strong><\/span><\/p>\n<p style=\"text-align: justify;\"><span style=\"color: #000000;\">Zasady wyra\u017cone w tym Kodeksie obowi\u0105zuj\u0105 doktoranta tak podczas prowadzonych przez niego zaj\u0119\u0107 dydaktycznych, prac badawczych, jak i w jego \u017cyciu prywatnym.<\/span><\/p>\n<p align=\"center\"><span style=\"color: #000000;\"><strong>\u00a7 5<\/strong><\/span><\/p>\n<p style=\"text-align: justify;\"><span style=\"color: #000000;\">Doktorant powinien charakteryzowa\u0107 si\u0119:<\/span><\/p>\n<p style=\"text-align: justify;\"><span style=\"color: #000000;\">1) sumienno\u015bci\u0105 w podejmowanych dzia\u0142aniach, w szczeg\u00f3lno\u015bci w pracy dydaktycznej i\u00a0prowadzonych badaniach;<\/span><\/p>\n<p style=\"text-align: justify;\"><span style=\"color: #000000;\">2) bezstronno\u015bci\u0105 w podejmowanych pracach, badaniach i rozwa\u017caniach, kt\u00f3ra powinna przejawia\u0107 si\u0119 przede wszystkim w niezale\u017cno\u015bci od jakichkolwiek wp\u0142yw\u00f3w na prowadzone dzia\u0142alno\u015bci;<\/span><\/p>\n<p style=\"text-align: justify;\"><span style=\"color: #000000;\">3) odpowiedzialno\u015bci\u0105 za podejmowane dzia\u0142ania, wyra\u017cane s\u0142owa i opinie, w tym r\u00f3wnie\u017c gesty i zachowania na tle publicznym;<\/span><\/p>\n<p style=\"text-align: justify;\"><span style=\"color: #000000;\">4) odwag\u0105 w podejmowanych badaniach i prezentowanych wnioskach, nawet wtedy gdy stoj\u0105 w sprzeczno\u015bci z dotychczas przyj\u0119t\u0105 praktyk\u0105;<\/span><\/p>\n<p style=\"text-align: justify;\"><span style=\"color: #000000;\">5) otwarto\u015bci\u0105 na wsp\u00f3\u0142prac\u0119 z uczestnikami dyskursu naukowego;<\/span><\/p>\n<p style=\"text-align: justify;\"><span style=\"color: #000000;\">6) rzetelno\u015bci\u0105 i wiarygodno\u015bci\u0105 przedstawianych bada\u0144.<\/span><\/p>\n<p align=\"center\"><span style=\"color: #000000;\"><strong>Rozdzia\u0142 II<\/strong><\/span><\/p>\n<p align=\"center\"><span style=\"color: #000000;\"><strong>Prowadzenie bada\u0144<\/strong><\/span><\/p>\n<p align=\"center\"><span style=\"color: #000000;\"><strong>\u00a7 6<\/strong><\/span><\/p>\n<p style=\"text-align: justify;\"><span style=\"color: #000000;\">Doktorant zobowi\u0105zany jest do skrupulatnego zbierania i przetwarzania materia\u0142\u00f3w pochodz\u0105cych z prowadzonych bada\u0144 oraz do zachowania nale\u017cytej staranno\u015bci w ich przechowywaniu, w taki spos\u00f3b, aby uniemo\u017cliwi\u0107 manipulowanie nimi. Jednocze\u015bnie ich przechowywanie powinno by\u0107 dokonywane w\u00a0taki spos\u00f3b, aby po opublikowaniu wynik\u00f3w mo\u017cliwy by\u0142 wgl\u0105d do tych materia\u0142\u00f3w, zgodnie ze wskazaniami poszczeg\u00f3lnych dyscyplin naukowych.<\/span><\/p>\n<p align=\"center\"><span style=\"color: #000000;\"><strong>\u00a7 7<\/strong><\/span><\/p>\n<p style=\"text-align: justify;\"><span style=\"color: #000000;\">Badania naukowe powinny by\u0107 prowadzone skrupulatnie, rzetelnie, wiarygodnie i bezstronnie.<\/span><\/p>\n<p align=\"center\"><span style=\"color: #000000;\"><strong>\u00a7 8<\/strong><\/span><\/p>\n<p style=\"text-align: justify;\"><span style=\"color: #000000;\">Badania naukowe powinny by\u0107 prowadzone z uwzgl\u0119dnieniem zasad bezpiecze\u0144stwa, w\u00a0tym w szczeg\u00f3lno\u015bci w stosunku do os\u00f3b wsp\u00f3\u0142tworz\u0105cych zesp\u00f3\u0142 realizuj\u0105cy projekt.<\/span><\/p>\n<p align=\"center\"><span style=\"color: #000000;\"><strong>\u00a7 9<\/strong><\/span><\/p>\n<p><span style=\"color: #000000;\">\u015arodki finansowe przekazane na badania powinny by\u0107 rozdysponowywane racjonalnie, z uwzgl\u0119dnieniem wskaza\u0144 zdrowego rozs\u0105dku, logiki oraz zgodnie z przepisami prawa.<\/span><\/p>\n<p align=\"center\"><span style=\"color: #000000;\"><strong>\u00a7 10<\/strong><\/span><\/p>\n<p style=\"text-align: justify;\"><span style=\"color: #000000;\">Badania powinny by\u0107 prowadzone w taki spos\u00f3b, aby nie narusza\u0107 praw autorskich przynale\u017cnych do innych os\u00f3b.<\/span><\/p>\n<p align=\"center\"><span style=\"color: #000000;\"><strong>\u00a711<\/strong><\/span><\/p>\n<p><span style=\"color: #000000;\">Wysoce nieetycznym jest fabrykowanie wynik\u00f3w bada\u0144, ich fa\u0142szowanie, b\u0105d\u017a te\u017c plagiatowanie.<\/span><\/p>\n<p align=\"center\"><span style=\"color: #000000;\"><strong>Rozdzia\u0142 III<\/strong><\/span><\/p>\n<p align=\"center\"><span style=\"color: #000000;\"><strong>Prowadzenie zaj\u0119\u0107 dydaktycznych i stosunek do student\u00f3w<\/strong><\/span><\/p>\n<p align=\"center\"><span style=\"color: #000000;\"><strong>\u00a7 12<\/strong><\/span><\/p>\n<p style=\"text-align: justify;\"><span style=\"color: #000000;\">Doktorant w ramach swojej dyscypliny naukowej powinien cechowa\u0107 si\u0119 wiedz\u0105 i\u00a0umiej\u0119tno\u015bciami niezb\u0119dnymi do kompetentnego i samodzielnego przeprowadzenia zaj\u0119\u0107 dydaktycznych. Prowadzone przez niego zaj\u0119cia powinny zach\u0119ca\u0107 student\u00f3w do zg\u0142\u0119bienia zagadnie\u0144 stanowi\u0105cych tre\u015b\u0107 okre\u015blonego przedmiotu.<\/span><\/p>\n<p align=\"center\"><span style=\"color: #000000;\"><strong>\u00a713<\/strong><\/span><\/p>\n<p><span style=\"color: #000000;\">Doktorant powinien zachowa\u0107 odpowiedni\u0105 proporcj\u0119 pomi\u0119dzy wymaganiami przedmiotu, a w\u0142asnymi oczekiwaniami.<\/span><\/p>\n<p align=\"center\"><span style=\"color: #000000;\"><strong>\u00a7 14<\/strong><\/span><\/p>\n<p style=\"text-align: justify;\"><span style=\"color: #000000;\">Prowadzenie zaj\u0119\u0107 dydaktycznych powinno by\u0107 zgodne z tre\u015bciami realizowanego przedmiotu i posiadanymi warunkami technicznymi. Jednocze\u015bnie doktorant powinien czyni\u0107 starania w celu urozmaicenia formy prowadzonych zaj\u0119\u0107 i uwzgl\u0119dnienia najnowszych metod nauczania.<\/span><\/p>\n<p align=\"center\"><span style=\"color: #000000;\"><strong>\u00a715<\/strong><\/span><\/p>\n<p style=\"text-align: justify;\"><span style=\"color: #000000;\">1. Doktorant powinien zachowywa\u0107 si\u0119 kulturalnie, w spos\u00f3b zgodny z przyj\u0119tymi zwyczajami. Powinien powstrzyma\u0107 si\u0119 od komentarzy dotycz\u0105cych osoby studenta.<\/span><\/p>\n<p style=\"text-align: justify;\"><span style=\"color: #000000;\">2. Podczas oceniania umiej\u0119tno\u015bci i wiedzy studenta w zakresie prowadzonego przedmiotu, doktoranta cechowa\u0107 powinny rzetelno\u015b\u0107 i profesjonalizm.<\/span><\/p>\n<p align=\"center\"><span style=\"color: #000000;\"><strong>Rozdzia\u0142 IV<\/strong><\/span><\/p>\n<p><span style=\"color: #000000;\"><strong>Stosunek wzgl\u0119dem W\u0142adz Uczelni i innych podmiot\u00f3w, z kt\u00f3rymi zwi\u0105zany jest doktorant<\/strong><\/span><\/p>\n<p align=\"center\"><span style=\"color: #000000;\"><strong>\u00a7 16<\/strong><\/span><\/p>\n<p><span style=\"color: #000000;\">Doktorant zobowi\u0105zany jest okazywa\u0107 szacunek W\u0142adzom Uczelni.<\/span><\/p>\n<p align=\"center\"><span style=\"color: #000000;\"><strong>\u00a7 17<\/strong><\/span><\/p>\n<p style=\"text-align: justify;\"><span style=\"color: #000000;\">Doktorant zobowi\u0105zany jest zachowywa\u0107 takt i opanowanie wobec W\u0142adz Uczelni, jej pracownik\u00f3w, kole\u017canek i koleg\u00f3w doktorant\u00f3w i wsp\u00f3\u0142pracuj\u0105cych podmiot\u00f3w.<\/span><\/p>\n<p align=\"center\"><span style=\"color: #000000;\"><strong>\u00a7 18<\/strong><\/span><\/p>\n<p><span style=\"color: #000000;\">Doktorant zobowi\u0105zany jest stosowa\u0107 si\u0119 do uchwa\u0142 i zarz\u0105dze\u0144 wydawanych w ramach jego Uczelni.<\/span><\/p>\n<p align=\"center\"><span style=\"color: #000000;\"><strong>\u00a7 19<\/strong><\/span><\/p>\n<p style=\"text-align: justify;\"><span style=\"color: #000000;\">Doktorant obowi\u0105zany jest stawi\u0107 si\u0119 na ka\u017cde wezwanie W\u0142adz Uczelni, a swoje ewentualne niestawiennictwo niezw\u0142ocznie usprawiedliwi\u0107.<\/span><\/p>\n<p align=\"center\"><span style=\"color: #000000;\"><strong>\u00a720<\/strong><\/span><\/p>\n<p style=\"text-align: justify;\"><span style=\"color: #000000;\">Doktorant obowi\u0105zany jest do w\u0142a\u015bciwego oznaczenia podejmowanych przez siebie dzia\u0142a\u0144 z ramienia Uczelni, poprzez wskazanie logotypu lub adnotacji o afiliacji. W\u00a0przypadku wsp\u00f3\u0142pracy z podmiotami zewn\u0119trznymi obowi\u0105zek ten jest to\u017csamy.<\/span><\/p>\n<p align=\"center\"><span style=\"color: #000000;\"><strong>\u00a721<\/strong><\/span><\/p>\n<p style=\"text-align: justify;\"><span style=\"color: #000000;\">Doktorant podejmuj\u0105cy dzia\u0142ania we wsp\u00f3\u0142pracy z kilkoma jednostkami obowi\u0105zany jest umie\u015bci\u0107 informacj\u0119 o tym w dokumentacji.<\/span><\/p>\n<p align=\"center\"><span style=\"color: #000000;\"><strong>Rozdzia\u0142 V<\/strong><\/span><\/p>\n<p align=\"center\"><span style=\"color: #000000;\"><strong>Uczestniczenie w samorz\u0105dzie oraz tworzenie wsp\u00f3lnoty akademickiej<\/strong><\/span><\/p>\n<p align=\"center\"><span style=\"color: #000000;\"><strong>\u00a7 22<\/strong><\/span><\/p>\n<p><span style=\"color: #000000;\">Ka\u017cdy doktorant obowi\u0105zany jest do wsp\u00f3\u0142pracy na rzecz samorz\u0105du doktorant\u00f3w.<\/span><\/p>\n<p align=\"center\"><span style=\"color: #000000;\"><strong>\u00a7 23<\/strong><\/span><\/p>\n<p><span style=\"color: #000000;\">Wszelkie spory wynik\u0142e pomi\u0119dzy doktorantami lub doktorantami i pracownikami Uczelni powinny by\u0107 w pierwszej kolejno\u015bci rozstrzygane polubownie.<\/span><\/p>\n<p align=\"center\"><span style=\"color: #000000;\"><strong>\u00a7 24<\/strong><\/span><\/p>\n<p style=\"text-align: justify;\"><span style=\"color: #000000;\">Doktorant zobowi\u0105zany jest do kierowania si\u0119 zasadami solidarno\u015bci z innymi doktorantami i przedstawicielami spo\u0142eczno\u015bci akademickiej.<\/span><\/p>\n<p align=\"center\"><span style=\"color: #000000;\"><strong>\u00a725<\/strong><\/span><\/p>\n<p><span style=\"color: #000000;\">W stosunku do doktorant\u00f3w i pracownik\u00f3w Uczelni doktorant powinien s\u0142u\u017cy\u0107 pomoc\u0105, rad\u0105 i opini\u0105.<\/span><\/p>\n<p align=\"center\"><span style=\"color: #000000;\"><strong>\u00a7 26<\/strong><\/span><\/p>\n<p style=\"text-align: justify;\"><span style=\"color: #000000;\">1. Doktorant powinien uczestniczy\u0107 w \u017cyciu organizacyjnym Uczelni, w tym r\u00f3wnie\u017c w\u00a0pracy samorz\u0105du, poprzez jego organy.<\/span><\/p>\n<p style=\"text-align: justify;\"><span style=\"color: #000000;\">2. W miar\u0119 mo\u017cliwo\u015bci doktorant powinien uczestniczy\u0107 w \u017cyciu spo\u0142ecznym spo\u0142eczno\u015bci doktoranckiej.<\/span><\/p>\n<p align=\"center\"><span style=\"color: #000000;\"><strong>\u00a7 27<\/strong><\/span><\/p>\n<p style=\"text-align: justify;\"><span style=\"color: #000000;\">1. Doktorant zobowi\u0105zuje si\u0119 do przestrzegania porz\u0105dku prawnego Rzeczpospolitej Polskiej.<\/span><\/p>\n<p style=\"text-align: justify;\"><span style=\"color: #000000;\">2. W przypadku prowadzenia bada\u0144, zaj\u0119\u0107 dydaktycznych za granic\u0105, b\u0105d\u017a w\u00a0ramach wsp\u00f3\u0142pracy z podmiotami z pa\u0144stw obcych doktorant zobowi\u0105zuje si\u0119 do poszanowania prawa obowi\u0105zuj\u0105cego w tym kraju.<\/span><\/p>\n<p align=\"center\"><span style=\"color: #000000;\"><strong>\u00a7 28<\/strong><\/span><\/p>\n<p><span style=\"color: #000000;\">Doktorant zobowi\u0105zuje si\u0119 wsp\u00f3\u0142dzia\u0142a\u0107 na rzecz krzewienia i upowszechniania zasad tego Kodeksu.<\/span><\/p>\n<p><a href=\"https:\/\/doktoranci.pwr.edu.pl\/pliki\/kodeks_etyki_doktoranta_2.pdf\">Kodeks Etyki Doktoranta- wersja PDF <\/a><\/p>\n","protected":false},"excerpt":{"rendered":"<p>Uchwa\u0142a nr 3\/2016 Og\u00f3lnouczelnianego Zebrania Doktorant\u00f3w Politechniki Wroc\u0142awskiej z dnia 20 czerwca 2016 roku w sprawie Kodeksu etyki doktoranta Politechniki Wroc\u0142awskiej Preambu\u0142a Zgodnie z delegacj\u0105 wyra\u017con\u0105 w art. 208 ust. 1a ustawy Prawo o szkolnictwie wy\u017cszym Samorz\u0105d Doktorant\u00f3w Politechniki Wroc\u0142awskiej uchwala niniejszy Kodeks etyki doktoranta. Przed\u0142o\u017cony Kodeks etyki doktoranta stanowi zbi\u00f3r zasad wskazuj\u0105cy spos\u00f3b samoregulacji&hellip; <br \/> <a class=\"button small blue\" href=\"https:\/\/radadoktorantow.pwr.edu.pl\/index.php\/kodeks-etyki-doktoranta\/\">Dowiedz si\u0119 wi\u0119cej<\/a><\/p>\n","protected":false},"author":10,"featured_media":0,"parent":0,"menu_order":0,"comment_status":"closed","ping_status":"closed","template":"","meta":{"footnotes":""},"_links":{"self":[{"href":"https:\/\/radadoktorantow.pwr.edu.pl\/index.php\/wp-json\/wp\/v2\/pages\/108"}],"collection":[{"href":"https:\/\/radadoktorantow.pwr.edu.pl\/index.php\/wp-json\/wp\/v2\/pages"}],"about":[{"href":"https:\/\/radadoktorantow.pwr.edu.pl\/index.php\/wp-json\/wp\/v2\/types\/page"}],"author":[{"embeddable":true,"href":"https:\/\/radadoktorantow.pwr.edu.pl\/index.php\/wp-json\/wp\/v2\/users\/10"}],"replies":[{"embeddable":true,"href":"https:\/\/radadoktorantow.pwr.edu.pl\/index.php\/wp-json\/wp\/v2\/comments?post=108"}],"version-history":[{"count":6,"href":"https:\/\/radadoktorantow.pwr.edu.pl\/index.php\/wp-json\/wp\/v2\/pages\/108\/revisions"}],"predecessor-version":[{"id":133,"href":"https:\/\/radadoktorantow.pwr.edu.pl\/index.php\/wp-json\/wp\/v2\/pages\/108\/revisions\/133"}],"wp:attachment":[{"href":"https:\/\/radadoktorantow.pwr.edu.pl\/index.php\/wp-json\/wp\/v2\/media?parent=108"}],"curies":[{"name":"wp","href":"https:\/\/api.w.org\/{rel}","templated":true}]}}